{"id":337,"date":"2023-01-20T14:57:15","date_gmt":"2023-01-20T12:57:15","guid":{"rendered":"http:\/\/uusi.mkmasters.fi\/?page_id=337"},"modified":"2024-05-30T14:44:12","modified_gmt":"2024-05-30T11:44:12","slug":"rakennustyot","status":"publish","type":"page","link":"https:\/\/mkmasters.fi\/?page_id=337","title":{"rendered":"Rakennusty\u00f6t"},"content":{"rendered":"<div data-colibri-id=\"337-c1\" class=\"style-603 style-local-337-c1 position-relative\">\n  <!---->\n  <div data-colibri-component=\"section\" data-colibri-id=\"337-c2\" id=\"custom\" class=\"h-section h-section-global-spacing d-flex align-items-lg-center align-items-md-center align-items-center style-604 style-local-337-c2 position-relative\">\n    <!---->\n    <!---->\n    <div class=\"h-section-grid-container h-section-boxed-container\">\n      <!---->\n      <div data-colibri-id=\"337-c3\" class=\"h-row-container gutters-row-lg-2 gutters-row-md-2 gutters-row-0 gutters-row-v-lg-2 gutters-row-v-md-2 gutters-row-v-2 style-609 style-local-337-c3 position-relative\">\n        <!---->\n        <div class=\"h-row justify-content-lg-center justify-content-md-center justify-content-center align-items-lg-stretch align-items-md-stretch align-items-stretch gutters-col-lg-2 gutters-col-md-2 gutters-col-0 gutters-col-v-lg-2 gutters-col-v-md-2 gutters-col-v-2\">\n          <!---->\n          <div class=\"h-column h-column-container d-flex h-col-lg-auto h-col-md-auto h-col-auto style-610-outer style-local-337-c4-outer\">\n            <div data-colibri-id=\"337-c4\" class=\"d-flex h-flex-basis h-column__inner h-px-lg-2 h-px-md-2 h-px-2 v-inner-lg-2 v-inner-md-2 v-inner-2 style-610 style-local-337-c4 position-relative\">\n              <!---->\n              <!---->\n              <div class=\"w-100 h-y-container h-column__content h-column__v-align flex-basis-100 align-self-lg-start align-self-md-start align-self-start\">\n                <!---->\n                <div data-colibri-id=\"337-c5\" class=\"h-global-transition-all h-heading style-611 style-local-337-c5 position-relative h-element\">\n                  <!---->\n                  <div class=\"h-heading__outer style-611 style-local-337-c5\">\n                    <!---->\n                    <!---->\n                    <h3 class=\"\">Rakennusty\u00f6t<\/h3>\n                  <\/div>\n                <\/div>\n              <\/div>\n            <\/div>\n          <\/div>\n        <\/div>\n      <\/div>\n      <div data-colibri-id=\"337-c6\" class=\"h-row-container gutters-row-lg-2 gutters-row-md-2 gutters-row-0 gutters-row-v-lg-2 gutters-row-v-md-2 gutters-row-v-2 style-612 style-local-337-c6 position-relative\">\n        <!---->\n        <div class=\"h-row justify-content-lg-center justify-content-md-center justify-content-center align-items-lg-stretch align-items-md-stretch align-items-stretch gutters-col-lg-2 gutters-col-md-2 gutters-col-0 gutters-col-v-lg-2 gutters-col-v-md-2 gutters-col-v-2\">\n          <!---->\n          <div class=\"h-column h-column-container d-flex h-col-lg-auto h-col-md-auto h-col-auto style-613-outer style-local-337-c7-outer\">\n            <div data-colibri-id=\"337-c7\" class=\"d-flex h-flex-basis h-column__inner h-px-lg-2 h-px-md-2 h-px-2 v-inner-lg-2 v-inner-md-2 v-inner-2 style-613 style-local-337-c7 position-relative\">\n              <!---->\n              <!---->\n              <div class=\"w-100 h-y-container h-column__content h-column__v-align flex-basis-100 align-self-lg-start align-self-md-start align-self-start\">\n                <!---->\n                <div data-colibri-id=\"337-c8\" class=\"h-text h-text-component style-614 style-local-337-c8 position-relative h-element\">\n                  <!---->\n                  <!---->\n                  <div class=\"\">\n                    <p>Rakennustoimisto MK Masters Oy hoitaa kaikki rakennusty\u00f6t laadukkaasti&nbsp;ja ammattitaidolla asiakkaan tarpeen mukaan. Meilt\u00e4 onnistuu niin pienet kuin isommatkin kohteet.&nbsp;&nbsp;<\/p>\n                    <p>Hoidamme rakennusty\u00f6t suunnittelusta viimeistelyyn saakka. Toiminnan tavoitteena on aina saada asiakkaan tarpeiden mukainen lopputulos.&nbsp;<\/p>\n                    <p>\n                      <br>\n                    <\/p>\n                    <p>\n                      <br>\n                    <\/p>\n                  <\/div>\n                <\/div>\n              <\/div>\n            <\/div>\n          <\/div>\n        <\/div>\n      <\/div>\n      <div data-colibri-id=\"337-c9\" class=\"h-row-container gutters-row-lg-2 gutters-row-md-2 gutters-row-0 gutters-row-v-lg-2 gutters-row-v-md-2 gutters-row-v-2 style-605 style-local-337-c9 position-relative\">\n        <!---->\n        <div class=\"h-row justify-content-lg-center justify-content-md-center justify-content-center align-items-lg-stretch align-items-md-stretch align-items-stretch gutters-col-lg-2 gutters-col-md-2 gutters-col-0 gutters-col-v-lg-2 gutters-col-v-md-2 gutters-col-v-2\">\n          <!---->\n          <div class=\"h-column h-column-container d-flex h-col-lg-auto h-col-md-auto h-col-auto style-606-outer style-local-337-c10-outer\">\n            <div data-colibri-id=\"337-c10\" class=\"d-flex h-flex-basis h-column__inner h-px-lg-2 h-px-md-2 h-px-2 v-inner-lg-2 v-inner-md-2 v-inner-2 style-606 style-local-337-c10 position-relative\">\n              <!---->\n              <!---->\n              <div class=\"w-100 h-y-container h-column__content h-column__v-align flex-basis-100 align-self-lg-start align-self-md-start align-self-start\">\n                <!---->\n                <div data-colibri-id=\"337-c11\" class=\"h-text h-text-component style-616 style-local-337-c11 position-relative h-element\">\n                  <!---->\n                  <!---->\n                  <div class=\"\">\n                    <p>Tarvetta remontille? Ota yhteytt\u00e4 ja pyyd\u00e4 tarjous!<\/p>\n                  <\/div>\n                <\/div>\n              <\/div>\n            <\/div>\n          <\/div>\n          <div class=\"h-column h-column-container d-flex h-col-lg-auto h-col-md-auto h-col-auto style-607-outer style-local-337-c12-outer\">\n            <div data-colibri-id=\"337-c12\" class=\"d-flex h-flex-basis h-column__inner h-px-lg-2 h-px-md-2 h-px-2 v-inner-lg-2 v-inner-md-2 v-inner-2 style-607 style-local-337-c12 position-relative\">\n              <!---->\n              <!---->\n              <div class=\"w-100 h-y-container h-column__content h-column__v-align flex-basis-100 align-self-lg-start align-self-md-start align-self-start\">\n                <!---->\n                <div data-colibri-id=\"337-c13\" class=\"icon-list d-flex justify-content-lg-center justify-content-md-center justify-content-center style-615 style-local-337-c13 position-relative h-element\">\n                  <!---->\n                  <ul class=\"ul-list-icon vertical-on-desktop vertical-on-tablet vertical-on-mobile justify-content-lg-center justify-content-md-center justify-content-center\">\n                    <!---->\n                    <li class=\"list-item no-gutters\">\n                      <!---->\n                      <div class=\"list-container-divider d-flex justify-content-lg-center justify-content-md-center justify-content-center first-el-spacer\"><\/div> <span class=\"item-link no-gutters\"><div class=\"d-flex h-col no-gutters align-items-lg-center align-items-md-center align-items-center list-item-text-wrapper\"><div class=\"d-flex\"><span  class=\"h-svg-icon style-615-icon style-local-337-c13-icon\"><!--Icon by Font Awesome (https:\/\/fontawesome.com)-->\n    <svg version=\"1.1\" xmlns=\"http:\/\/www.w3.org\/2000\/svg\" xmlns:xlink=\"http:\/\/www.w3.org\/1999\/xlink\" id=\"envelope-o\" viewBox=\"0 0 1792 1896.0833\">\n      <path d=\"M1664 1504V736q-32 36-69 66-268 206-426 338-51 43-83 67t-86.5 48.5T897 1280h-2q-48 0-102.5-24.5T706 1207t-83-67q-158-132-426-338-37-30-69-66v768q0 13 9.5 22.5t22.5 9.5h1472q13 0 22.5-9.5t9.5-22.5zm0-1051v-24.5l-.5-13-3-12.5-5.5-9-9-7.5-14-2.5H160q-13 0-22.5 9.5T128 416q0 168 147 284 193 152 401 317 6 5 35 29.5t46 37.5 44.5 31.5T852 1143t43 9h2q20 0 43-9t50.5-27.5 44.5-31.5 46-37.5 35-29.5q208-165 401-317 54-43 100.5-115.5T1664 453zm128-37v1088q0 66-47 113t-113 47H160q-66 0-113-47T0 1504V416q0-66 47-113t113-47h1472q66 0 113 47t47 113z\"><\/path>\n    <\/svg><\/span><\/div> <span class=\"list-text d-block\"><span>mk@mkmasters.fi<\/span><\/span>\n              <\/div>\n              <\/span>\n              <div class=\"list-container-divider d-flex justify-content-lg-center justify-content-md-center justify-content-center\">\n                <!---->\n              <\/div>\n              <\/li>\n              <li class=\"list-item no-gutters\">\n                <!---->\n                <!----><span class=\"item-link no-gutters\"><div class=\"d-flex h-col no-gutters align-items-lg-center align-items-md-center align-items-center list-item-text-wrapper\"><div class=\"d-flex\"><span  class=\"h-svg-icon style-615-icon style-local-337-c13-icon\"><!--Icon by Font Awesome (https:\/\/fontawesome.com)-->\n    <svg version=\"1.1\" xmlns=\"http:\/\/www.w3.org\/2000\/svg\" xmlns:xlink=\"http:\/\/www.w3.org\/1999\/xlink\" id=\"phone\" viewBox=\"0 0 1408 1896.0833\">\n      <path d=\"M1408 1240q0 27-10 70.5t-21 68.5q-21 50-122 106-94 51-186 51-27 0-53-3.5t-57.5-12.5-47-14.5T856 1485t-49-18q-98-35-175-83-127-79-264-216T152 904q-48-77-83-175-3-9-18-49t-20.5-55.5-14.5-47T3.5 520 0 467q0-92 51-186 56-101 106-122 25-11 68.5-21t70.5-10q14 0 21 3 18 6 53 76 11 19 30 54t35 63.5 31 53.5q3 4 17.5 25t21.5 35.5 7 28.5q0 20-28.5 50t-62 55-62 53-28.5 46q0 9 5 22.5t8.5 20.5 14 24 11.5 19q76 137 174 235t235 174q2 1 19 11.5t24 14 20.5 8.5 22.5 5q18 0 46-28.5t53-62 55-62 50-28.5q14 0 28.5 7t35.5 21.5 25 17.5q25 15 53.5 31t63.5 35 54 30q70 35 76 53 3 7 3 21z\"><\/path>\n    <\/svg><\/span><\/div> <span class=\"list-text d-block\"><span>045 879 9078<\/span><\/span>\n          <\/div>\n          <\/span>\n          <div class=\"list-container-divider d-flex justify-content-lg-center justify-content-md-center justify-content-center\">\n            <!---->\n          <\/div>\n          <\/li>\n          <li class=\"list-item no-gutters\">\n            <!---->\n            <!----><span class=\"item-link no-gutters\"><div class=\"d-flex h-col no-gutters align-items-lg-center align-items-md-center align-items-center list-item-text-wrapper\"><div class=\"d-flex\"><span  class=\"h-svg-icon style-615-icon style-local-337-c13-icon\"><!--Icon by Font Awesome (https:\/\/fontawesome.com)-->\n    <svg version=\"1.1\" xmlns=\"http:\/\/www.w3.org\/2000\/svg\" xmlns:xlink=\"http:\/\/www.w3.org\/1999\/xlink\" id=\"map-marker\" viewBox=\"0 0 1049.8953 1896.0833\">\n      <path d=\"M768 640q0-106-75-181t-181-75-181 75-75 181 75 181 181 75 181-75 75-181zm256 0q0 109-33 179l-364 774q-16 33-47.5 52t-67.5 19-67.5-19-46.5-52L33 819Q0 749 0 640q0-212 150-362t362-150 362 150 150 362z\"><\/path>\n    <\/svg><\/span><\/div> <span class=\"list-text d-block\"><span>Tampellan esplanadi 3A, 33100 Tampere<\/span><\/span>\n      <\/div>\n      <\/span>\n      <div class=\"list-container-divider d-flex justify-content-lg-center justify-content-md-center justify-content-center\" style=\"display: none;\">\n        <!---->\n      <\/div>\n      <div class=\"list-container-divider d-flex justify-content-lg-center justify-content-md-center justify-content-center last-el-spacer\"><\/div>\n      <\/li>\n      <\/ul>\n    <\/div>\n  <\/div>\n<\/div>\n<\/div>\n<div class=\"h-column h-column-container d-flex h-col-lg-auto h-col-md-auto h-col-auto style-608-outer style-local-337-c14-outer\">\n  <div data-colibri-id=\"337-c14\" class=\"d-flex h-flex-basis h-column__inner h-px-lg-2 h-px-md-2 h-px-2 v-inner-lg-2 v-inner-md-2 v-inner-2 style-608 style-local-337-c14 position-relative\">\n    <!---->\n    <!---->\n    <div class=\"w-100 h-y-container h-column__content h-column__v-align flex-basis-100 align-self-lg-start align-self-md-start align-self-start\">\n      <!---->\n      <div data-colibri-id=\"337-c15\" class=\"d-block style-617 style-local-337-c15 position-relative h-element\">\n        <!---->\n        <div class=\"h-image__frame-container-outer\">\n          <div class=\"h-image__frame-container\">\n            <!---->\n            <!---->\n            <img fetchpriority=\"high\" decoding=\"async\" width=\"838\" height=\"396\" src=\"http:\/\/mkmasters.fi\/wp-content\/uploads\/2023\/01\/cropped-cropped-LK_valkoinen_rgb-1.jpg\" class=\"wp-image-339 style-617-image style-local-337-c15-image\" alt=\"\" srcset=\"https:\/\/mkmasters.fi\/wp-content\/uploads\/2023\/01\/cropped-cropped-LK_valkoinen_rgb-1.jpg 838w, https:\/\/mkmasters.fi\/wp-content\/uploads\/2023\/01\/cropped-cropped-LK_valkoinen_rgb-1-300x142.jpg 300w, https:\/\/mkmasters.fi\/wp-content\/uploads\/2023\/01\/cropped-cropped-LK_valkoinen_rgb-1-768x363.jpg 768w\" sizes=\"(max-width: 838px) 100vw, 838px\" \/>\n            <div class=\"h-image__frame h-hide-lg h-hide-md h-hide-sm style-617-frameImage style-local-337-c15-frameImage\"><\/div>\n          <\/div>\n        <\/div>\n      <\/div>\n    <\/div>\n  <\/div>\n<\/div>\n<\/div>\n<\/div>\n<\/div>\n<\/div>\n<\/div>","protected":false},"excerpt":{"rendered":"<p>Rakennusty\u00f6t Rakennustoimisto MK Masters Oy hoitaa kaikki rakennusty\u00f6t laadukkaasti&nbsp;ja ammattitaidolla asiakkaan tarpeen mukaan. Meilt\u00e4 onnistuu niin pienet kuin isommatkin kohteet.&nbsp;&nbsp; Hoidamme rakennusty\u00f6t suunnittelusta viimeistelyyn saakka. Toiminnan tavoitteena on aina saada asiakkaan tarpeiden mukainen lopputulos.&nbsp; Tarvetta remontille? Ota yhteytt\u00e4 ja pyyd\u00e4 tarjous! mk@mkmasters.fi 045 879 9078 Tampellan esplanadi 3A, 33100 Tampere<\/p>\n","protected":false},"author":1,"featured_media":0,"parent":0,"menu_order":0,"comment_status":"closed","ping_status":"closed","template":"page-templates\/full-width-page.php","meta":{"footnotes":""},"class_list":["post-337","page","type-page","status-publish","hentry"],"_links":{"self":[{"href":"https:\/\/mkmasters.fi\/index.php?rest_route=\/wp\/v2\/pages\/337","targetHints":{"allow":["GET"]}}],"collection":[{"href":"https:\/\/mkmasters.fi\/index.php?rest_route=\/wp\/v2\/pages"}],"about":[{"href":"https:\/\/mkmasters.fi\/index.php?rest_route=\/wp\/v2\/types\/page"}],"author":[{"embeddable":true,"href":"https:\/\/mkmasters.fi\/index.php?rest_route=\/wp\/v2\/users\/1"}],"replies":[{"embeddable":true,"href":"https:\/\/mkmasters.fi\/index.php?rest_route=%2Fwp%2Fv2%2Fcomments&post=337"}],"version-history":[{"count":12,"href":"https:\/\/mkmasters.fi\/index.php?rest_route=\/wp\/v2\/pages\/337\/revisions"}],"predecessor-version":[{"id":1265,"href":"https:\/\/mkmasters.fi\/index.php?rest_route=\/wp\/v2\/pages\/337\/revisions\/1265"}],"wp:attachment":[{"href":"https:\/\/mkmasters.fi\/index.php?rest_route=%2Fwp%2Fv2%2Fmedia&parent=337"}],"curies":[{"name":"wp","href":"https:\/\/api.w.org\/{rel}","templated":true}]}}