{"id":2,"date":"2021-12-01T13:54:50","date_gmt":"2021-12-01T11:54:50","guid":{"rendered":"http:\/\/testiosoite7.com\/?page_id=2"},"modified":"2024-05-31T08:56:57","modified_gmt":"2024-05-31T05:56:57","slug":"esimerkkisivu","status":"publish","type":"page","link":"https:\/\/mkmasters.fi\/?page_id=2","title":{"rendered":"3D-kuvaus"},"content":{"rendered":"<div data-colibri-id=\"2-c1\" class=\"style-386 style-local-2-c1 position-relative\">\r\n  <!---->\r\n  <div data-colibri-component=\"section\" data-colibri-id=\"2-c2\" id=\"custom\" class=\"h-section h-section-global-spacing d-flex align-items-lg-center align-items-md-center align-items-center style-405 style-local-2-c2 position-relative\">\r\n    <!---->\r\n    <!---->\r\n    <div class=\"h-section-grid-container h-section-fluid-container\">\r\n      <!---->\r\n      <div data-colibri-id=\"2-c3\" class=\"h-row-container gutters-row-lg-2 gutters-row-md-2 gutters-row-0 gutters-row-v-lg-2 gutters-row-v-md-2 gutters-row-v-2 style-574 style-local-2-c3 position-relative\">\r\n        <!---->\r\n        <div class=\"h-row justify-content-lg-center justify-content-md-center justify-content-center align-items-lg-stretch align-items-md-stretch align-items-stretch gutters-col-lg-2 gutters-col-md-2 gutters-col-0 gutters-col-v-lg-2 gutters-col-v-md-2 gutters-col-v-2\">\r\n          <!---->\r\n          <div class=\"h-column h-column-container d-flex h-col-lg-auto h-col-md-auto h-col-auto style-575-outer style-local-2-c4-outer\">\r\n            <div data-colibri-id=\"2-c4\" class=\"d-flex h-flex-basis h-column__inner h-px-lg-2 h-px-md-2 h-px-2 v-inner-lg-2 v-inner-md-2 v-inner-2 style-575 style-local-2-c4 position-relative\">\r\n              <!---->\r\n              <!---->\r\n              <div class=\"w-100 h-y-container h-column__content h-column__v-align flex-basis-100 align-self-lg-start align-self-md-start align-self-start\">\r\n                <!---->\r\n                <div data-colibri-id=\"2-c5\" class=\"d-block style-577 style-local-2-c5 position-relative h-element\">\r\n                  <!---->\r\n                  <div class=\"h-image__frame-container-outer\">\r\n                    <div class=\"h-image__frame-container\">\r\n                      <!---->\r\n                      <!---->\r\n                      <img fetchpriority=\"high\" decoding=\"async\" width=\"2560\" height=\"1440\" src=\"http:\/\/mkmasters.fi\/wp-content\/uploads\/2023\/01\/cropped-2-Nahkolankatu-Dollhouse-View-scaled-1.jpg\" class=\"wp-image-210 style-577-image style-local-2-c5-image\" alt=\"\" srcset=\"https:\/\/mkmasters.fi\/wp-content\/uploads\/2023\/01\/cropped-2-Nahkolankatu-Dollhouse-View-scaled-1.jpg 2560w, https:\/\/mkmasters.fi\/wp-content\/uploads\/2023\/01\/cropped-2-Nahkolankatu-Dollhouse-View-scaled-1-300x169.jpg 300w, https:\/\/mkmasters.fi\/wp-content\/uploads\/2023\/01\/cropped-2-Nahkolankatu-Dollhouse-View-scaled-1-1024x576.jpg 1024w, https:\/\/mkmasters.fi\/wp-content\/uploads\/2023\/01\/cropped-2-Nahkolankatu-Dollhouse-View-scaled-1-768x432.jpg 768w, https:\/\/mkmasters.fi\/wp-content\/uploads\/2023\/01\/cropped-2-Nahkolankatu-Dollhouse-View-scaled-1-1536x864.jpg 1536w, https:\/\/mkmasters.fi\/wp-content\/uploads\/2023\/01\/cropped-2-Nahkolankatu-Dollhouse-View-scaled-1-2048x1152.jpg 2048w\" sizes=\"(max-width: 2560px) 100vw, 2560px\" \/>\r\n                      <div class=\"h-image__frame h-hide-lg h-hide-md h-hide-sm style-577-frameImage style-local-2-c5-frameImage\"><\/div>\r\n                    <\/div>\r\n                  <\/div>\r\n                <\/div>\r\n              <\/div>\r\n            <\/div>\r\n          <\/div>\r\n        <\/div>\r\n      <\/div>\r\n      <div data-colibri-id=\"2-c6\" class=\"h-row-container gutters-row-lg-2 gutters-row-md-2 gutters-row-0 gutters-row-v-lg-2 gutters-row-v-md-2 gutters-row-v-2 style-410 style-local-2-c6 position-relative\">\r\n        <!---->\r\n        <div class=\"h-row justify-content-lg-center justify-content-md-center justify-content-center align-items-lg-stretch align-items-md-stretch align-items-stretch gutters-col-lg-2 gutters-col-md-2 gutters-col-0 gutters-col-v-lg-2 gutters-col-v-md-2 gutters-col-v-2\">\r\n          <!---->\r\n          <div class=\"h-column h-column-container d-flex h-col-lg-auto h-col-md-auto h-col-auto style-411-outer style-local-2-c7-outer\">\r\n            <div data-colibri-id=\"2-c7\" class=\"d-flex h-flex-basis h-column__inner h-px-lg-2 h-px-md-2 h-px-2 v-inner-lg-2 v-inner-md-2 v-inner-2 style-411 style-local-2-c7 position-relative\">\r\n              <!---->\r\n              <!---->\r\n              <div class=\"w-100 h-y-container h-column__content h-column__v-align flex-basis-100 align-self-lg-start align-self-md-start align-self-start\">\r\n                <!---->\r\n                <div data-colibri-id=\"2-c8\" class=\"h-text h-text-component style-412 style-local-2-c8 position-relative h-element\">\r\n                  <!---->\r\n                  <!---->\r\n                  <div class=\"\">\r\n                    <p>K\u00e4yt\u00f6ss\u00e4mme on Matterport 3D-malli, joka on kustannustehokas tapa jakaa dataa kohteesta. Matterport 3D-kuvauksen kautta p\u00e4\u00e4see virtuaalikierrokselle kohteeseen suoraan verkossa milloin vain haluaa s\u00e4\u00e4st\u00e4en omaa aikaa sek\u00e4 turhaa matkustamista\r\n                      fyysisesti kohteeseen. Monet arkkitehti- ja insin\u00f6\u00f6ritoimistot k\u00e4ytt\u00e4v\u00e4t jo palveluamme apuna kohteiden suunnittelussa.&nbsp;<\/p>\r\n                    <p>3D-kuvaamme mit\u00e4 tahansa kohteita!<\/p>\r\n                    <p>Olemme 3D-kuvauksen ammattilaisia yli satojen eri kohteiden kokemuksella!<\/p>\r\n                    <p>\r\n                      <br>\r\n                    <\/p>\r\n                    <p>\r\n                      <br>\r\n                    <\/p>\r\n                    <p>\r\n                      <br>\r\n                    <\/p>\r\n                    <p>\r\n                      <br>\r\n                    <\/p>\r\n                  <\/div>\r\n                <\/div>\r\n              <\/div>\r\n            <\/div>\r\n          <\/div>\r\n          <div class=\"h-column h-column-container d-flex h-col-lg-auto h-col-md-auto h-col-auto style-417-outer style-local-2-c9-outer\">\r\n            <div data-colibri-id=\"2-c9\" class=\"d-flex h-flex-basis h-column__inner h-px-lg-2 h-px-md-2 h-px-2 v-inner-lg-2 v-inner-md-2 v-inner-2 style-417 style-local-2-c9 position-relative\">\r\n              <!---->\r\n              <!---->\r\n              <div class=\"w-100 h-y-container h-column__content h-column__v-align flex-basis-100 align-self-lg-start align-self-md-start align-self-start\">\r\n                <!---->\r\n                <div data-colibri-id=\"2-c10\" class=\"d-block style-573 style-local-2-c10 position-relative h-element\">\r\n                  <!---->\r\n                  <div class=\"h-image__frame-container-outer\">\r\n                    <div class=\"h-image__frame-container\">\r\n                      <!---->\r\n                      <!---->\r\n                      <img decoding=\"async\" width=\"2560\" height=\"1440\" data-src=\"http:\/\/mkmasters.fi\/wp-content\/uploads\/2023\/01\/cropped-110-Siitaman-kylatie-Dollhouse-View-scaled-1.jpg\" class=\"wp-image-208 style-573-image style-local-2-c10-image lazyload\" alt=\"\" data-srcset=\"https:\/\/mkmasters.fi\/wp-content\/uploads\/2023\/01\/cropped-110-Siitaman-kylatie-Dollhouse-View-scaled-1.jpg 2560w, https:\/\/mkmasters.fi\/wp-content\/uploads\/2023\/01\/cropped-110-Siitaman-kylatie-Dollhouse-View-scaled-1-300x169.jpg 300w, https:\/\/mkmasters.fi\/wp-content\/uploads\/2023\/01\/cropped-110-Siitaman-kylatie-Dollhouse-View-scaled-1-1024x576.jpg 1024w, https:\/\/mkmasters.fi\/wp-content\/uploads\/2023\/01\/cropped-110-Siitaman-kylatie-Dollhouse-View-scaled-1-768x432.jpg 768w, https:\/\/mkmasters.fi\/wp-content\/uploads\/2023\/01\/cropped-110-Siitaman-kylatie-Dollhouse-View-scaled-1-1536x864.jpg 1536w, https:\/\/mkmasters.fi\/wp-content\/uploads\/2023\/01\/cropped-110-Siitaman-kylatie-Dollhouse-View-scaled-1-2048x1152.jpg 2048w\" data-sizes=\"(max-width: 2560px) 100vw, 2560px\" src=\"data:image\/gif;base64,R0lGODlhAQABAAAAACH5BAEKAAEALAAAAAABAAEAAAICTAEAOw==\" style=\"--smush-placeholder-width: 2560px; --smush-placeholder-aspect-ratio: 2560\/1440;\" \/><noscript><img decoding=\"async\" width=\"2560\" height=\"1440\" src=\"http:\/\/mkmasters.fi\/wp-content\/uploads\/2023\/01\/cropped-110-Siitaman-kylatie-Dollhouse-View-scaled-1.jpg\" class=\"wp-image-208 style-573-image style-local-2-c10-image\" alt=\"\" srcset=\"https:\/\/mkmasters.fi\/wp-content\/uploads\/2023\/01\/cropped-110-Siitaman-kylatie-Dollhouse-View-scaled-1.jpg 2560w, https:\/\/mkmasters.fi\/wp-content\/uploads\/2023\/01\/cropped-110-Siitaman-kylatie-Dollhouse-View-scaled-1-300x169.jpg 300w, https:\/\/mkmasters.fi\/wp-content\/uploads\/2023\/01\/cropped-110-Siitaman-kylatie-Dollhouse-View-scaled-1-1024x576.jpg 1024w, https:\/\/mkmasters.fi\/wp-content\/uploads\/2023\/01\/cropped-110-Siitaman-kylatie-Dollhouse-View-scaled-1-768x432.jpg 768w, https:\/\/mkmasters.fi\/wp-content\/uploads\/2023\/01\/cropped-110-Siitaman-kylatie-Dollhouse-View-scaled-1-1536x864.jpg 1536w, https:\/\/mkmasters.fi\/wp-content\/uploads\/2023\/01\/cropped-110-Siitaman-kylatie-Dollhouse-View-scaled-1-2048x1152.jpg 2048w\" sizes=\"(max-width: 2560px) 100vw, 2560px\" \/><\/noscript>\r\n                      <div class=\"h-image__frame h-hide-lg h-hide-md h-hide-sm style-573-frameImage style-local-2-c10-frameImage\"><\/div>\r\n                    <\/div>\r\n                  <\/div>\r\n                <\/div>\r\n              <\/div>\r\n            <\/div>\r\n          <\/div>\r\n        <\/div>\r\n      <\/div>\r\n      <div data-colibri-id=\"2-c11\" class=\"h-row-container gutters-row-lg-2 gutters-row-md-2 gutters-row-0 gutters-row-v-lg-2 gutters-row-v-md-2 gutters-row-v-2 style-406 style-local-2-c11 position-relative\">\r\n        <!---->\r\n        <div class=\"h-row justify-content-lg-center justify-content-md-center justify-content-center align-items-lg-stretch align-items-md-stretch align-items-stretch gutters-col-lg-2 gutters-col-md-2 gutters-col-0 gutters-col-v-lg-2 gutters-col-v-md-2 gutters-col-v-2\">\r\n          <!---->\r\n          <div class=\"h-column h-column-container d-flex h-col-lg-auto h-col-md-auto h-col-auto style-407-outer style-local-2-c12-outer\">\r\n            <div data-colibri-id=\"2-c12\" class=\"d-flex h-flex-basis h-column__inner h-px-lg-2 h-px-md-2 h-px-2 v-inner-lg-2 v-inner-md-2 v-inner-2 style-407 style-local-2-c12 position-relative\">\r\n              <!---->\r\n              <!---->\r\n              <div class=\"w-100 h-y-container h-column__content h-column__v-align flex-basis-100 align-self-lg-start align-self-md-start align-self-start\">\r\n                <!---->\r\n                <div data-colibri-id=\"2-c13\" class=\"h-text h-text-component style-426 style-local-2-c13 position-relative h-element\">\r\n                  <!---->\r\n                  <!---->\r\n                  <div class=\"\">\r\n                    <p>Kysytt\u00e4v\u00e4\u00e4 3D-kuvauksesta?<\/p>\r\n                    <p>Ota yhteytt\u00e4 ja kysy tarjous!<\/p>\r\n                  <\/div>\r\n                <\/div>\r\n              <\/div>\r\n            <\/div>\r\n          <\/div>\r\n          <div class=\"h-column h-column-container d-flex h-col-lg-auto h-col-md-auto h-col-auto style-408-outer style-local-2-c14-outer\">\r\n            <div data-colibri-id=\"2-c14\" class=\"d-flex h-flex-basis h-column__inner h-px-lg-2 h-px-md-2 h-px-2 v-inner-lg-2 v-inner-md-2 v-inner-2 style-408 style-local-2-c14 position-relative\">\r\n              <!---->\r\n              <!---->\r\n              <div class=\"w-100 h-y-container h-column__content h-column__v-align flex-basis-100 align-self-lg-start align-self-md-start align-self-start\">\r\n                <!---->\r\n                <div data-colibri-id=\"2-c15\" class=\"icon-list d-flex justify-content-lg-center justify-content-md-center justify-content-center style-425 style-local-2-c15 position-relative h-element\">\r\n                  <!---->\r\n                  <ul class=\"ul-list-icon vertical-on-desktop vertical-on-tablet vertical-on-mobile justify-content-lg-center justify-content-md-center justify-content-center\">\r\n                    <!---->\r\n                    <li class=\"list-item no-gutters\">\r\n                      <!---->\r\n                      <div class=\"list-container-divider d-flex justify-content-lg-center justify-content-md-center justify-content-center first-el-spacer\"><\/div> <span class=\"item-link no-gutters\"><div class=\"d-flex h-col no-gutters align-items-lg-center align-items-md-center align-items-center list-item-text-wrapper\"><div class=\"d-flex\"><span  class=\"h-svg-icon style-425-icon style-local-2-c15-icon\"><!--Icon by Font Awesome (https:\/\/fontawesome.com)-->\r\n    <svg version=\"1.1\" xmlns=\"http:\/\/www.w3.org\/2000\/svg\" xmlns:xlink=\"http:\/\/www.w3.org\/1999\/xlink\" id=\"envelope-o\" viewBox=\"0 0 1792 1896.0833\">\r\n      <path d=\"M1664 1504V736q-32 36-69 66-268 206-426 338-51 43-83 67t-86.5 48.5T897 1280h-2q-48 0-102.5-24.5T706 1207t-83-67q-158-132-426-338-37-30-69-66v768q0 13 9.5 22.5t22.5 9.5h1472q13 0 22.5-9.5t9.5-22.5zm0-1051v-24.5l-.5-13-3-12.5-5.5-9-9-7.5-14-2.5H160q-13 0-22.5 9.5T128 416q0 168 147 284 193 152 401 317 6 5 35 29.5t46 37.5 44.5 31.5T852 1143t43 9h2q20 0 43-9t50.5-27.5 44.5-31.5 46-37.5 35-29.5q208-165 401-317 54-43 100.5-115.5T1664 453zm128-37v1088q0 66-47 113t-113 47H160q-66 0-113-47T0 1504V416q0-66 47-113t113-47h1472q66 0 113 47t47 113z\"><\/path>\r\n    <\/svg><\/span><\/div> <span class=\"list-text d-block\"><span>mk@mkmasters.fi<\/span><\/span>\r\n              <\/div>\r\n              <\/span>\r\n              <div class=\"list-container-divider d-flex justify-content-lg-center justify-content-md-center justify-content-center\">\r\n                <!---->\r\n              <\/div>\r\n              <\/li>\r\n              <li class=\"list-item no-gutters\">\r\n                <!---->\r\n                <!----><span class=\"item-link no-gutters\"><div class=\"d-flex h-col no-gutters align-items-lg-center align-items-md-center align-items-center list-item-text-wrapper\"><div class=\"d-flex\"><span  class=\"h-svg-icon style-425-icon style-local-2-c15-icon\"><!--Icon by Font Awesome (https:\/\/fontawesome.com)-->\r\n    <svg version=\"1.1\" xmlns=\"http:\/\/www.w3.org\/2000\/svg\" xmlns:xlink=\"http:\/\/www.w3.org\/1999\/xlink\" id=\"phone\" viewBox=\"0 0 1408 1896.0833\">\r\n      <path d=\"M1408 1240q0 27-10 70.5t-21 68.5q-21 50-122 106-94 51-186 51-27 0-53-3.5t-57.5-12.5-47-14.5T856 1485t-49-18q-98-35-175-83-127-79-264-216T152 904q-48-77-83-175-3-9-18-49t-20.5-55.5-14.5-47T3.5 520 0 467q0-92 51-186 56-101 106-122 25-11 68.5-21t70.5-10q14 0 21 3 18 6 53 76 11 19 30 54t35 63.5 31 53.5q3 4 17.5 25t21.5 35.5 7 28.5q0 20-28.5 50t-62 55-62 53-28.5 46q0 9 5 22.5t8.5 20.5 14 24 11.5 19q76 137 174 235t235 174q2 1 19 11.5t24 14 20.5 8.5 22.5 5q18 0 46-28.5t53-62 55-62 50-28.5q14 0 28.5 7t35.5 21.5 25 17.5q25 15 53.5 31t63.5 35 54 30q70 35 76 53 3 7 3 21z\"><\/path>\r\n    <\/svg><\/span><\/div> <span class=\"list-text d-block\"><span>045 879 9078<\/span><\/span>\r\n          <\/div>\r\n          <\/span>\r\n          <div class=\"list-container-divider d-flex justify-content-lg-center justify-content-md-center justify-content-center\">\r\n            <!---->\r\n          <\/div>\r\n          <\/li>\r\n          <li class=\"list-item no-gutters\">\r\n            <!---->\r\n            <!----><span class=\"item-link no-gutters\"><div class=\"d-flex h-col no-gutters align-items-lg-center align-items-md-center align-items-center list-item-text-wrapper\"><div class=\"d-flex\"><span  class=\"h-svg-icon style-425-icon style-local-2-c15-icon\"><!--Icon by Font Awesome (https:\/\/fontawesome.com)-->\r\n    <svg version=\"1.1\" xmlns=\"http:\/\/www.w3.org\/2000\/svg\" xmlns:xlink=\"http:\/\/www.w3.org\/1999\/xlink\" id=\"map-marker\" viewBox=\"0 0 1049.8953 1896.0833\">\r\n      <path d=\"M768 640q0-106-75-181t-181-75-181 75-75 181 75 181 181 75 181-75 75-181zm256 0q0 109-33 179l-364 774q-16 33-47.5 52t-67.5 19-67.5-19-46.5-52L33 819Q0 749 0 640q0-212 150-362t362-150 362 150 150 362z\"><\/path>\r\n    <\/svg><\/span><\/div> <span class=\"list-text d-block\"><span>Tampellan esplanadi 3a, 33100 Tampere<\/span><\/span>\r\n      <\/div>\r\n      <\/span>\r\n      <div class=\"list-container-divider d-flex justify-content-lg-center justify-content-md-center justify-content-center\" style=\"display: none;\">\r\n        <!---->\r\n      <\/div>\r\n      <div class=\"list-container-divider d-flex justify-content-lg-center justify-content-md-center justify-content-center last-el-spacer\"><\/div>\r\n      <\/li>\r\n      <\/ul>\r\n    <\/div>\r\n  <\/div>\r\n<\/div>\r\n<\/div>\r\n<div class=\"h-column h-column-container d-flex h-col-lg-auto h-col-md-auto h-col-auto style-409-outer style-local-2-c16-outer\">\r\n  <div data-colibri-id=\"2-c16\" class=\"d-flex h-flex-basis h-column__inner h-px-lg-2 h-px-md-2 h-px-2 v-inner-lg-2 v-inner-md-2 v-inner-2 style-409 style-local-2-c16 position-relative\">\r\n    <!---->\r\n    <!---->\r\n    <div class=\"w-100 h-y-container h-column__content h-column__v-align flex-basis-100 align-self-lg-start align-self-md-start align-self-start\">\r\n      <!---->\r\n      <div data-colibri-id=\"2-c17\" class=\"d-block style-427 style-local-2-c17 position-relative h-element\">\r\n        <!---->\r\n        <div class=\"h-image__frame-container-outer\">\r\n          <div class=\"h-image__frame-container\">\r\n            <!---->\r\n            <!---->\r\n            <img decoding=\"async\" width=\"838\" height=\"396\" data-src=\"https:\/\/mkmasters.fi\/wp-content\/uploads\/2023\/01\/cropped-cropped-cropped-cropped-LK_valkoinen_rgb-1.jpg\" class=\"wp-image-1206 style-427-image style-local-2-c17-image lazyload\" alt=\"\" data-srcset=\"https:\/\/mkmasters.fi\/wp-content\/uploads\/2023\/01\/cropped-cropped-cropped-cropped-LK_valkoinen_rgb-1.jpg 838w, https:\/\/mkmasters.fi\/wp-content\/uploads\/2023\/01\/cropped-cropped-cropped-cropped-LK_valkoinen_rgb-1-300x142.jpg 300w, https:\/\/mkmasters.fi\/wp-content\/uploads\/2023\/01\/cropped-cropped-cropped-cropped-LK_valkoinen_rgb-1-768x363.jpg 768w\" data-sizes=\"(max-width: 838px) 100vw, 838px\" src=\"data:image\/gif;base64,R0lGODlhAQABAAAAACH5BAEKAAEALAAAAAABAAEAAAICTAEAOw==\" style=\"--smush-placeholder-width: 838px; --smush-placeholder-aspect-ratio: 838\/396;\" \/><noscript><img decoding=\"async\" width=\"838\" height=\"396\" src=\"https:\/\/mkmasters.fi\/wp-content\/uploads\/2023\/01\/cropped-cropped-cropped-cropped-LK_valkoinen_rgb-1.jpg\" class=\"wp-image-1206 style-427-image style-local-2-c17-image\" alt=\"\" srcset=\"https:\/\/mkmasters.fi\/wp-content\/uploads\/2023\/01\/cropped-cropped-cropped-cropped-LK_valkoinen_rgb-1.jpg 838w, https:\/\/mkmasters.fi\/wp-content\/uploads\/2023\/01\/cropped-cropped-cropped-cropped-LK_valkoinen_rgb-1-300x142.jpg 300w, https:\/\/mkmasters.fi\/wp-content\/uploads\/2023\/01\/cropped-cropped-cropped-cropped-LK_valkoinen_rgb-1-768x363.jpg 768w\" sizes=\"(max-width: 838px) 100vw, 838px\" \/><\/noscript>\r\n            <div class=\"h-image__frame h-hide-lg h-hide-md h-hide-sm style-427-frameImage style-local-2-c17-frameImage\"><\/div>\r\n          <\/div>\r\n        <\/div>\r\n      <\/div>\r\n    <\/div>\r\n  <\/div>\r\n<\/div>\r\n<\/div>\r\n<\/div>\r\n<\/div>\r\n<\/div>\r\n<\/div>","protected":false},"excerpt":{"rendered":"<p>K\u00e4yt\u00f6ss\u00e4mme on Matterport 3D-malli, joka on kustannustehokas tapa jakaa dataa kohteesta. Matterport 3D-kuvauksen kautta p\u00e4\u00e4see virtuaalikierrokselle kohteeseen suoraan verkossa milloin vain haluaa s\u00e4\u00e4st\u00e4en omaa aikaa sek\u00e4 turhaa matkustamista fyysisesti kohteeseen. Monet arkkitehti- ja insin\u00f6\u00f6ritoimistot k\u00e4ytt\u00e4v\u00e4t jo palveluamme apuna kohteiden suunnittelussa.&nbsp; 3D-kuvaamme mit\u00e4 tahansa kohteita! Olemme 3D-kuvauksen ammattilaisia yli satojen eri kohteiden kokemuksella! Kysytt\u00e4v\u00e4\u00e4 3D-kuvauksesta? Ota [&hellip;]<\/p>\n","protected":false},"author":1,"featured_media":0,"parent":0,"menu_order":0,"comment_status":"closed","ping_status":"open","template":"page-templates\/full-width-page.php","meta":{"footnotes":""},"class_list":["post-2","page","type-page","status-publish","hentry"],"_links":{"self":[{"href":"https:\/\/mkmasters.fi\/index.php?rest_route=\/wp\/v2\/pages\/2","targetHints":{"allow":["GET"]}}],"collection":[{"href":"https:\/\/mkmasters.fi\/index.php?rest_route=\/wp\/v2\/pages"}],"about":[{"href":"https:\/\/mkmasters.fi\/index.php?rest_route=\/wp\/v2\/types\/page"}],"author":[{"embeddable":true,"href":"https:\/\/mkmasters.fi\/index.php?rest_route=\/wp\/v2\/users\/1"}],"replies":[{"embeddable":true,"href":"https:\/\/mkmasters.fi\/index.php?rest_route=%2Fwp%2Fv2%2Fcomments&post=2"}],"version-history":[{"count":19,"href":"https:\/\/mkmasters.fi\/index.php?rest_route=\/wp\/v2\/pages\/2\/revisions"}],"predecessor-version":[{"id":1299,"href":"https:\/\/mkmasters.fi\/index.php?rest_route=\/wp\/v2\/pages\/2\/revisions\/1299"}],"wp:attachment":[{"href":"https:\/\/mkmasters.fi\/index.php?rest_route=%2Fwp%2Fv2%2Fmedia&parent=2"}],"curies":[{"name":"wp","href":"https:\/\/api.w.org\/{rel}","templated":true}]}}